{"id":1014,"date":"2024-09-30T10:21:55","date_gmt":"2024-09-30T08:21:55","guid":{"rendered":"https:\/\/www.tonnelleriedarnajou.com\/mentions-legales"},"modified":"2024-10-07T14:35:09","modified_gmt":"2024-10-07T12:35:09","slug":"avisos-legales","status":"publish","type":"page","link":"https:\/\/www.tonnelleriedarnajou.com\/es\/avisos-legales","title":{"rendered":"Avisos legales"},"content":{"rendered":"\n<section class=\"wp-block-group alignfull pb-12 has-light-gray-background-color has-background is-layout-constrained wp-block-group-is-layout-constrained\">\n<div class=\"wp-block-group alignwide is-layout-flow wp-block-group-is-layout-flow\">\n<h2 class=\"wp-block-heading\">1. Informaci\u00f3n legal<\/h2>\n\n\n\n<h3 class=\"wp-block-heading\">Propietario del sitio<\/h3>\n\n\n\n<p>El presente sitio es propiedad de la empresa Tonnellerie Vincent Darnajou, sociedad por acciones simplificada (SAS) con un \u00fanico socio inscrito en el Registro Mercantil y de Sociedades (RCS) de Libourne con el n\u00famero 408 492 270, cuyo domicilio social se encuentra en 46 route de Goujon 33570 Montagne, Francia.<br>&#8211; Capital social: 220 000 \u20ac<br>&#8211; NAF: 1624Z (Fabricaci\u00f3n de productos de madera, corcho, cester\u00eda y esparter\u00eda)<br>&#8211; Fecha de constituci\u00f3n: 5 de agosto de 1996<br>&#8211; Duraci\u00f3n de la empresa: hasta el 5 de agosto de 2046<\/p>\n\n\n\n<h3 class=\"wp-block-heading\">Director de la publicaci\u00f3n<\/h3>\n\n\n\n<p>Simon Etienne Grelier, Director General<br>Correo electr\u00f3nico: <a href=\"mailto:contact@tonnelleriedarnajou.com\">contact@tonnelleriedarnajou.com<\/a><\/p>\n\n\n\n<h3 class=\"wp-block-heading\">Creaci\u00f3n de sitios<\/h3>\n\n\n\n<p>VINEXIA<br>13 rue de la Manutention<br>33000 Bordeaux<br><a href=\"http:\/\/www.vinexia.fr\/\">www.vinexia.fr<\/a><\/p>\n\n\n\n<h3 class=\"wp-block-heading\">Alojador del sitio<\/h3>\n\n\n\n<p>El alojamiento del sitio est\u00e1 asegurado por [nombre del alojador]<br>&#8211; Direcci\u00f3n: por completar<br>&#8211; Tel\u00e9fono: por completar<br>&#8211; Correo electr\u00f3nico: por completar<\/p>\n\n\n\n<h2 class=\"wp-block-heading\">2. Condiciones de uso del sitio<\/h2>\n\n\n\n<p>El uso del sitio Tonnellerie Darnajou implica la aceptaci\u00f3n plena y completa de las condiciones generales de uso descritas a continuaci\u00f3n. Estas condiciones pueden ser modificadas o completadas en cualquier momento, por lo que los usuarios del sitio est\u00e1n invitados a consultarlas regularmente. El sitio normalmente est\u00e1 accesible a los usuarios en todo momento. Sin embargo, se puede decidir una interrupci\u00f3n por razones t\u00e9cnicas de mantenimiento por parte de Tonnellerie Vincent Darnajou, que se esforzar\u00e1 por comunicar previamente a los usuarios las fechas y horas de la intervenci\u00f3n.<\/p>\n\n\n\n<h2 class=\"wp-block-heading\">3. Propiedad intelectual y falsificaciones<\/h2>\n\n\n\n<p>La estructura general, as\u00ed como los programas, textos, im\u00e1genes animadas o fijas, sonidos, conocimientos t\u00e9cnicos, dibujos, gr\u00e1ficos y cualquier otro elemento que compone el sitio son propiedad exclusiva de Tonnellerie Vincent Darnajou, salvo indicaci\u00f3n en contrario. Queda prohibida toda reproducci\u00f3n, representaci\u00f3n, modificaci\u00f3n, publicaci\u00f3n o adaptaci\u00f3n total o parcial de los elementos del sitio, sea cual sea el medio o el proceso utilizado, salvo autorizaci\u00f3n previa y por escrito de Tonnellerie Vincent Darnajou. Cualquier uso no autorizado del sitio o de cualquiera de los elementos que contiene ser\u00e1 considerado como constitutivo de una falsificaci\u00f3n y ser\u00e1 perseguido de conformidad con las disposiciones de los art\u00edculos L.335-2 y siguientes del C\u00f3digo de Propiedad Intelectual.<\/p>\n\n\n\n<h2 class=\"wp-block-heading\">4. Protecci\u00f3n de datos personales<\/h2>\n\n\n\n<p>Tonnellerie Vincent Darnajou se compromete a que la recolecci\u00f3n y el tratamiento de sus datos personales a trav\u00e9s del sitio Tonnellerie Darnajou se realicen de acuerdo con el Reglamento General de Protecci\u00f3n de Datos (RGPD) y la ley de Inform\u00e1tica y Libertades.<\/p>\n\n\n\n<h3 class=\"wp-block-heading\">Responsable del tratamiento<\/h3>\n\n\n\n<p>La sociedad Tonnellerie Vincent Darnajou es responsable del tratamiento de datos personales.<br>Direcci\u00f3n: 46 route de Goujon 33570 Montagne, Francia<br>Correo electr\u00f3nico: <a href=\"mailto:contact@tonnelleriedarnajou.com\">contact@tonnelleriedarnajou.com<\/a><\/p>\n\n\n\n<h3 class=\"wp-block-heading\">Finalidades del tratamiento<\/h3>\n\n\n\n<p>Los datos personales recogidos a trav\u00e9s de los formularios presentes en el sitio son utilizados \u00fanicamente en el marco de los servicios propuestos por el sitio (gesti\u00f3n de clientes, comunicaci\u00f3n de informaci\u00f3n comercial, etc.). Se conservan durante el tiempo estrictamente necesario para estos fines.<\/p>\n\n\n\n<h3 class=\"wp-block-heading\">Derechos de los usuarios<\/h3>\n\n\n\n<p>De acuerdo con la ley de \u00abInform\u00e1tica y Libertades\u00bb y el RGPD, usted tiene los siguientes derechos:<br>&#8211; Derecho de acceso a sus datos<br>&#8211; Derecho de rectificaci\u00f3n<br>&#8211; Derecho de eliminaci\u00f3n<br>&#8211; Derecho de oposici\u00f3n y limitaci\u00f3n del tratamiento<br>&#8211; Derecho a la portabilidad de sus datos<br><br>Puede ejercer estos derechos contact\u00e1ndonos en la siguiente direcci\u00f3n: <a href=\"mailto:contact@tonnelleriedarnajou.com\">contact@tonnelleriedarnajou.com<\/a>.<\/p>\n\n\n\n<h2 class=\"wp-block-heading\">5. Cookies<\/h2>\n\n\n\n<p>El sitio Tonnellerie Darnajou utiliza cookies para optimizar y mejorar la experiencia de navegaci\u00f3n de los usuarios. Una cookie es un archivo de texto depositado en su terminal durante la visita de un sitio. Las cookies se utilizan, por ejemplo, para recopilar informaci\u00f3n sobre las visitas al sitio, memorizar sus preferencias, etc. Usted tiene la posibilidad de desactivar el uso de cookies configurando su navegador. Sin embargo, el rechazo de la instalaci\u00f3n de una cookie puede resultar en la imposibilidad de acceder a ciertos servicios.<\/p>\n\n\n\n<h2 class=\"wp-block-heading\">6. Enlaces de hipertexto<\/h2>\n\n\n\n<p>El sitio Tonnellerie Darnajou contiene enlaces de hipertexto hacia otros sitios establecidos con la autorizaci\u00f3n de Tonnellerie Vincent Darnajou. Sin embargo, Tonnellerie Vincent Darnajou no tiene la posibilidad de verificar el contenido de los sitios as\u00ed visitados y no asumir\u00e1, en consecuencia, ninguna responsabilidad al respecto.<\/p>\n\n\n\n<h2 class=\"wp-block-heading\">7. Limitaciones de responsabilidad<\/h2>\n\n\n\n<p>Tonnellerie Vincent Darnajou no podr\u00e1 ser considerada responsable de los da\u00f1os directos e indirectos causados al material del usuario durante el acceso al sitio Tonnellerie Darnajou. El usuario se compromete a acceder al sitio utilizando material reciente, que no contenga virus y con un navegador de \u00faltima generaci\u00f3n actualizado. Tonnellerie Vincent Darnajou declina toda responsabilidad en cuanto al uso que pueda hacerse de la informaci\u00f3n y los contenidos presentes en su sitio.<\/p>\n\n\n\n<h2 class=\"wp-block-heading\">8. Derecho aplicable y atribuci\u00f3n de jurisdicci\u00f3n<\/h2>\n\n\n\n<p>Cualquier disputa en relaci\u00f3n con el uso del sitio Tonnellerie Darnajou est\u00e1 sujeta al derecho franc\u00e9s. Se otorga jurisdicci\u00f3n exclusiva a los tribunales competentes del distrito de Libourne.<\/p>\n\n\n\n<h2 class=\"wp-block-heading\">9. Contacto<\/h2>\n\n\n\n<p>Para cualquier pregunta o informaci\u00f3n sobre el sitio Tonnellerie Darnajou, puede contactarnos en la siguiente direcci\u00f3n: por completar <a href=\"mailto:contact@tonnelleriedarnajou.com\">contact@tonnelleriedarnajou.com<\/a>.<\/p>\n<\/div>\n<\/section>\n","protected":false},"excerpt":{"rendered":"<p>1. Informaci\u00f3n legal Propietario del sitio El presente sitio es propiedad de la empresa Tonnellerie Vincent Darnajou, sociedad por acciones simplificada (SAS) con un \u00fanico socio inscrito en el Registro Mercantil y de Sociedades (RCS) de Libourne con el n\u00famero 408 492 270, cuyo domicilio social se encuentra en 46 route de Goujon 33570 Montagne,<a href=\"https:\/\/www.tonnelleriedarnajou.com\/es\/avisos-legales\">Continue reading <span class=\"sr-only\">\u00abAvisos legales\u00bb<\/span><\/a><\/p>\n","protected":false},"author":3,"featured_media":0,"parent":0,"menu_order":0,"comment_status":"closed","ping_status":"closed","template":"","meta":{"_seopress_robots_primary_cat":"","_seopress_titles_title":"","_seopress_titles_desc":"","_seopress_robots_index":"","footnotes":""},"class_list":["post-1014","page","type-page","status-publish","hentry"],"_links":{"self":[{"href":"https:\/\/www.tonnelleriedarnajou.com\/es\/wp-json\/wp\/v2\/pages\/1014","targetHints":{"allow":["GET"]}}],"collection":[{"href":"https:\/\/www.tonnelleriedarnajou.com\/es\/wp-json\/wp\/v2\/pages"}],"about":[{"href":"https:\/\/www.tonnelleriedarnajou.com\/es\/wp-json\/wp\/v2\/types\/page"}],"author":[{"embeddable":true,"href":"https:\/\/www.tonnelleriedarnajou.com\/es\/wp-json\/wp\/v2\/users\/3"}],"replies":[{"embeddable":true,"href":"https:\/\/www.tonnelleriedarnajou.com\/es\/wp-json\/wp\/v2\/comments?post=1014"}],"version-history":[{"count":0,"href":"https:\/\/www.tonnelleriedarnajou.com\/es\/wp-json\/wp\/v2\/pages\/1014\/revisions"}],"wp:attachment":[{"href":"https:\/\/www.tonnelleriedarnajou.com\/es\/wp-json\/wp\/v2\/media?parent=1014"}],"curies":[{"name":"wp","href":"https:\/\/api.w.org\/{rel}","templated":true}]}}