{"id":964,"date":"2024-03-27T14:57:29","date_gmt":"2024-03-27T13:57:29","guid":{"rendered":"https:\/\/www.tonnelleriedarnajou.com\/darnajou"},"modified":"2024-12-04T09:22:21","modified_gmt":"2024-12-04T08:22:21","slug":"darnajou","status":"publish","type":"page","link":"https:\/\/www.tonnelleriedarnajou.com\/es","title":{"rendered":"Darnajou"},"content":{"rendered":"\n<section class=\"wp-block-group alignfull has-lavender-background-color has-background is-layout-constrained wp-block-group-is-layout-constrained\" id=\"prendre-soin-du-vivant\">\n<figure class=\"wp-block-gallery has-nested-images columns-default is-cropped wp-block-gallery-1 is-layout-flex wp-block-gallery-is-layout-flex\">\n<figure class=\"wp-block-image size-large video\" id=\"01\"><img loading=\"lazy\" decoding=\"async\" width=\"178\" height=\"435\" data-id=\"274\" src=\"https:\/\/www.tonnelleriedarnajou.com\/wp-content\/uploads\/2024\/04\/1_index_14.jpg\" alt=\"\" class=\"wp-image-274\" srcset=\"https:\/\/www.tonnelleriedarnajou.com\/wp-content\/uploads\/2024\/04\/1_index_14.jpg 178w, https:\/\/www.tonnelleriedarnajou.com\/wp-content\/uploads\/2024\/04\/1_index_14-123x300.jpg 123w\" sizes=\"(max-width: 178px) 100vw, 178px\" \/><\/figure>\n\n\n\n<figure class=\"wp-block-image size-large video\" id=\"02\"><img loading=\"lazy\" decoding=\"async\" width=\"185\" height=\"439\" data-id=\"273\" src=\"https:\/\/www.tonnelleriedarnajou.com\/wp-content\/uploads\/2024\/04\/1_index_12.jpg\" alt=\"\" class=\"wp-image-273\" srcset=\"https:\/\/www.tonnelleriedarnajou.com\/wp-content\/uploads\/2024\/04\/1_index_12.jpg 185w, https:\/\/www.tonnelleriedarnajou.com\/wp-content\/uploads\/2024\/04\/1_index_12-126x300.jpg 126w\" sizes=\"(max-width: 185px) 100vw, 185px\" \/><\/figure>\n\n\n\n<figure class=\"wp-block-image size-full video\" id=\"05\"><img loading=\"lazy\" decoding=\"async\" width=\"183\" height=\"439\" data-id=\"276\" src=\"https:\/\/www.tonnelleriedarnajou.com\/wp-content\/uploads\/2024\/04\/1_index_09.jpg\" alt=\"\" class=\"wp-image-276\" srcset=\"https:\/\/www.tonnelleriedarnajou.com\/wp-content\/uploads\/2024\/04\/1_index_09.jpg 183w, https:\/\/www.tonnelleriedarnajou.com\/wp-content\/uploads\/2024\/04\/1_index_09-125x300.jpg 125w\" sizes=\"(max-width: 183px) 100vw, 183px\" \/><\/figure>\n<\/figure>\n\n\n\n<figure class=\"wp-block-gallery has-nested-images columns-default is-cropped wp-block-gallery-2 is-layout-flex wp-block-gallery-is-layout-flex\">\n<figure class=\"wp-block-image size-full video\" id=\"06\"><img loading=\"lazy\" decoding=\"async\" width=\"184\" height=\"436\" data-id=\"473\" src=\"https:\/\/www.tonnelleriedarnajou.com\/wp-content\/uploads\/2024\/05\/1_index_06.jpg\" alt=\"\" class=\"wp-image-473\" title=\"06\" srcset=\"https:\/\/www.tonnelleriedarnajou.com\/wp-content\/uploads\/2024\/05\/1_index_06.jpg 184w, https:\/\/www.tonnelleriedarnajou.com\/wp-content\/uploads\/2024\/05\/1_index_06-127x300.jpg 127w\" sizes=\"(max-width: 184px) 100vw, 184px\" \/><\/figure>\n\n\n\n<figure class=\"wp-block-image size-full video\" id=\"04\"><img loading=\"lazy\" decoding=\"async\" width=\"177\" height=\"437\" data-id=\"275\" src=\"https:\/\/www.tonnelleriedarnajou.com\/wp-content\/uploads\/2024\/04\/1_index_03.jpg\" alt=\"\" class=\"wp-image-275\" title=\"04\" srcset=\"https:\/\/www.tonnelleriedarnajou.com\/wp-content\/uploads\/2024\/04\/1_index_03.jpg 177w, https:\/\/www.tonnelleriedarnajou.com\/wp-content\/uploads\/2024\/04\/1_index_03-122x300.jpg 122w\" sizes=\"(max-width: 177px) 100vw, 177px\" \/><\/figure>\n\n\n\n<figure class=\"wp-block-image size-large video\" id=\"03\"><img loading=\"lazy\" decoding=\"async\" width=\"184\" height=\"436\" data-id=\"272\" src=\"https:\/\/www.tonnelleriedarnajou.com\/wp-content\/uploads\/2024\/04\/1_index_06.jpg\" alt=\"\" class=\"wp-image-272\" srcset=\"https:\/\/www.tonnelleriedarnajou.com\/wp-content\/uploads\/2024\/04\/1_index_06.jpg 184w, https:\/\/www.tonnelleriedarnajou.com\/wp-content\/uploads\/2024\/04\/1_index_06-127x300.jpg 127w\" sizes=\"(max-width: 184px) 100vw, 184px\" \/><\/figure>\n<\/figure>\n\n\n\n<h2 class=\"wp-block-heading has-text-align-center\">CUIDAR LO VIVO<\/h2>\n\n\n\n<figure class=\"wp-block-image aligncenter size-full is-resized\"><img loading=\"lazy\" decoding=\"async\" width=\"220\" height=\"220\" src=\"https:\/\/www.tonnelleriedarnajou.com\/wp-content\/uploads\/2024\/10\/scroll-explorer-es.png\" alt=\"\" class=\"wp-image-1039\" style=\"width:120px\" srcset=\"https:\/\/www.tonnelleriedarnajou.com\/wp-content\/uploads\/2024\/10\/scroll-explorer-es.png 220w, https:\/\/www.tonnelleriedarnajou.com\/wp-content\/uploads\/2024\/10\/scroll-explorer-es-150x150.png 150w\" sizes=\"(max-width: 220px) 100vw, 220px\" \/><\/figure>\n\n\n\n<p class=\"md:pt-10 text-justify\">En el universo de la Toneler\u00eda Darnajou aspiramos a cuidar lo vivo: ya sea el roble, el vino o el ser humano. Promovemos el despertar de los sentidos y las sensaciones de cada individuo con el objetivo de construir un colectivo fuerte y acompa\u00f1ar la materia, ya sea madera o vino, en su revelaci\u00f3n.<\/p>\n<\/section>\n\n\n\n<figure class=\"wp-block-gallery alignfull has-nested-images columns-default is-cropped has-lavender-background-color has-background wp-block-gallery-3 is-layout-flex wp-block-gallery-is-layout-flex\">\n<figure class=\"wp-block-image size-full\"><img loading=\"lazy\" decoding=\"async\" width=\"626\" height=\"638\" data-id=\"189\" src=\"https:\/\/www.tonnelleriedarnajou.com\/wp-content\/uploads\/2024\/03\/1_index_21.jpg\" alt=\"\" class=\"wp-image-189\" srcset=\"https:\/\/www.tonnelleriedarnajou.com\/wp-content\/uploads\/2024\/03\/1_index_21.jpg 626w, https:\/\/www.tonnelleriedarnajou.com\/wp-content\/uploads\/2024\/03\/1_index_21-294x300.jpg 294w\" sizes=\"(max-width: 626px) 100vw, 626px\" \/><\/figure>\n\n\n\n<figure class=\"wp-block-image size-full video\" id=\"1_index_23\"><img loading=\"lazy\" decoding=\"async\" width=\"636\" height=\"638\" data-id=\"495\" src=\"https:\/\/www.tonnelleriedarnajou.com\/wp-content\/uploads\/2024\/05\/1_index_24.jpg\" alt=\"\" class=\"wp-image-495\" srcset=\"https:\/\/www.tonnelleriedarnajou.com\/wp-content\/uploads\/2024\/05\/1_index_24.jpg 636w, https:\/\/www.tonnelleriedarnajou.com\/wp-content\/uploads\/2024\/05\/1_index_24-300x300.jpg 300w, https:\/\/www.tonnelleriedarnajou.com\/wp-content\/uploads\/2024\/05\/1_index_24-150x150.jpg 150w\" sizes=\"(max-width: 636px) 100vw, 636px\" \/><\/figure>\n\n\n\n<figure class=\"wp-block-image size-full\"><img loading=\"lazy\" decoding=\"async\" width=\"636\" height=\"638\" data-id=\"192\" src=\"https:\/\/www.tonnelleriedarnajou.com\/wp-content\/uploads\/2024\/03\/1_index_25.jpg\" alt=\"\" class=\"wp-image-192\" srcset=\"https:\/\/www.tonnelleriedarnajou.com\/wp-content\/uploads\/2024\/03\/1_index_25.jpg 636w, https:\/\/www.tonnelleriedarnajou.com\/wp-content\/uploads\/2024\/03\/1_index_25-300x300.jpg 300w, https:\/\/www.tonnelleriedarnajou.com\/wp-content\/uploads\/2024\/03\/1_index_25-150x150.jpg 150w\" sizes=\"(max-width: 636px) 100vw, 636px\" \/><\/figure>\n<\/figure>\n\n\n\n<section class=\"wp-block-group alignwide is-layout-constrained wp-block-group-is-layout-constrained\" id=\"nos-valeurs\">\n<h2 class=\"wp-block-heading alignfull\">Lo que <br>nos une<\/h2>\n\n\n\n<div class=\"wp-block-columns alignfull is-layout-flex wp-container-core-columns-is-layout-9d6595d7 wp-block-columns-is-layout-flex\">\n<div class=\"wp-block-column is-layout-flow wp-block-column-is-layout-flow\">\n<h3 class=\"wp-block-heading\" style=\"text-transform:uppercase\">El Respeto<\/h3>\n\n\n\n<p class=\"text-justify\">El respeto constituye la piedra angular de nuestra empresa, un valor fundamental y universal compartido por todos dentro de nuestro equipo, as\u00ed como con nuestros socios. Este compromiso gu\u00eda nuestras interacciones y decisiones, asegurando un entorno lleno de dignidad, equidad y consideraci\u00f3n mutua.<\/p>\n\n\n\n<figure class=\"wp-block-image size-full is-resized\"><a href=\"https:\/\/www.tonnelleriedarnajou.com\/partager\"><img loading=\"lazy\" decoding=\"async\" width=\"70\" height=\"70\" src=\"https:\/\/www.tonnelleriedarnajou.com\/wp-content\/uploads\/2024\/03\/circle-arrow-up-right.svg\" alt=\"\" class=\"wp-image-74\" style=\"width:50px\"\/><\/a><\/figure>\n<\/div>\n\n\n\n<div class=\"wp-block-column is-layout-flow wp-block-column-is-layout-flow\">\n<h3 class=\"wp-block-heading\" style=\"text-transform:uppercase\">La Confianza<\/h3>\n\n\n\n<p class=\"text-justify\">La confianza est\u00e1 en el coraz\u00f3n de nuestra toneler\u00eda, considerada como un fundamento inicial que se cultiva y profundiza a trav\u00e9s de nuestras acciones y compromisos. Esta confianza, esencial tanto en nuestras relaciones internas como con nuestros socios, es el motor de nuestro progreso y el cemento de nuestros v\u00ednculos, reforzando nuestra cohesi\u00f3n y colaboraci\u00f3n.<\/p>\n\n\n\n<figure class=\"wp-block-image size-full is-resized\"><a href=\"https:\/\/www.tonnelleriedarnajou.com\/transmettre\"><img loading=\"lazy\" decoding=\"async\" width=\"70\" height=\"70\" src=\"https:\/\/www.tonnelleriedarnajou.com\/wp-content\/uploads\/2024\/03\/circle-arrow-up-right.svg\" alt=\"\" class=\"wp-image-74\" style=\"width:50px\"\/><\/a><\/figure>\n<\/div>\n<\/div>\n\n\n\n<div class=\"wp-block-columns alignfull is-layout-flex wp-container-core-columns-is-layout-9d6595d7 wp-block-columns-is-layout-flex\">\n<div class=\"wp-block-column is-layout-flow wp-block-column-is-layout-flow\">\n<h3 class=\"wp-block-heading\" style=\"text-transform:uppercase\">La Cohesi\u00f3n<\/h3>\n\n\n\n<p class=\"text-justify\">La profundidad y la durabilidad de las relaciones son esenciales, colocando la satisfacci\u00f3n y la consideraci\u00f3n de todos los actores en el centro de nuestras preocupaciones. Nos comprometemos a mantener relaciones basadas en la reciprocidad.<\/p>\n\n\n\n<figure class=\"wp-block-image size-full is-resized\"><a href=\"https:\/\/www.tonnelleriedarnajou.com\/transmettre\"><img loading=\"lazy\" decoding=\"async\" width=\"70\" height=\"70\" src=\"https:\/\/www.tonnelleriedarnajou.com\/wp-content\/uploads\/2024\/03\/circle-arrow-up-right.svg\" alt=\"\" class=\"wp-image-74\" style=\"width:50px\"\/><\/a><\/figure>\n<\/div>\n\n\n\n<div class=\"wp-block-column is-layout-flow wp-block-column-is-layout-flow\">\n<h3 class=\"wp-block-heading\" style=\"text-transform:uppercase\">La precisi\u00f3n<\/h3>\n\n\n\n<p class=\"text-justify\">La precisi\u00f3n es nuestro credo, impregnando cada gesto y decisi\u00f3n dentro de nuestra toneler\u00eda. Esta b\u00fasqueda de la excelencia tambi\u00e9n se extiende a nuestra colaboraci\u00f3n con los socios, estableciendo un lenguaje com\u00fan de rigor y precisi\u00f3n que trasciende los l\u00edmites de nuestra empresa para convertirse en un valor compartido, celebrado y vivido diariamente por todos aquellos que interact\u00faan con nuestra empresa.<\/p>\n\n\n\n<figure class=\"wp-block-image size-full is-resized\"><a href=\"https:\/\/www.tonnelleriedarnajou.com\/ressentir\"><img loading=\"lazy\" decoding=\"async\" width=\"70\" height=\"70\" src=\"https:\/\/www.tonnelleriedarnajou.com\/wp-content\/uploads\/2024\/03\/circle-arrow-up-right.svg\" alt=\"\" class=\"wp-image-74\" style=\"width:50px\"\/><\/a><\/figure>\n<\/div>\n<\/div>\n<\/section>\n","protected":false},"excerpt":{"rendered":"<p>CUIDAR LO VIVO En el universo de la Toneler\u00eda Darnajou aspiramos a cuidar lo vivo: ya sea el roble, el vino o el ser humano. Promovemos el despertar de los sentidos y las sensaciones de cada individuo con el objetivo de construir un colectivo fuerte y acompa\u00f1ar la materia, ya sea madera o vino, en<a href=\"https:\/\/www.tonnelleriedarnajou.com\/es\">Continue reading <span class=\"sr-only\">\u00abDarnajou\u00bb<\/span><\/a><\/p>\n","protected":false},"author":3,"featured_media":1062,"parent":0,"menu_order":0,"comment_status":"closed","ping_status":"closed","template":"","meta":{"_seopress_robots_primary_cat":"","_seopress_titles_title":"Tonnellerie Darnajou - Barricas Artesanales de Roble Franc\u00e9s desde 1976","_seopress_titles_desc":"Desde 1976, Tonnellerie Darnajou fabrica barricas a medida de roble franc\u00e9s, combinando experiencia familiar con calidad excepcional para bodegas de todo el mundo.","_seopress_robots_index":"","footnotes":""},"class_list":["post-964","page","type-page","status-publish","has-post-thumbnail","hentry"],"_links":{"self":[{"href":"https:\/\/www.tonnelleriedarnajou.com\/es\/wp-json\/wp\/v2\/pages\/964","targetHints":{"allow":["GET"]}}],"collection":[{"href":"https:\/\/www.tonnelleriedarnajou.com\/es\/wp-json\/wp\/v2\/pages"}],"about":[{"href":"https:\/\/www.tonnelleriedarnajou.com\/es\/wp-json\/wp\/v2\/types\/page"}],"author":[{"embeddable":true,"href":"https:\/\/www.tonnelleriedarnajou.com\/es\/wp-json\/wp\/v2\/users\/3"}],"replies":[{"embeddable":true,"href":"https:\/\/www.tonnelleriedarnajou.com\/es\/wp-json\/wp\/v2\/comments?post=964"}],"version-history":[{"count":0,"href":"https:\/\/www.tonnelleriedarnajou.com\/es\/wp-json\/wp\/v2\/pages\/964\/revisions"}],"wp:featuredmedia":[{"embeddable":true,"href":"https:\/\/www.tonnelleriedarnajou.com\/es\/wp-json\/wp\/v2\/media\/1062"}],"wp:attachment":[{"href":"https:\/\/www.tonnelleriedarnajou.com\/es\/wp-json\/wp\/v2\/media?parent=964"}],"curies":[{"name":"wp","href":"https:\/\/api.w.org\/{rel}","templated":true}]}}