{"id":993,"date":"2024-03-27T14:57:53","date_gmt":"2024-03-27T13:57:53","guid":{"rendered":"https:\/\/www.tonnelleriedarnajou.com\/partager"},"modified":"2024-10-04T14:46:56","modified_gmt":"2024-10-04T12:46:56","slug":"compartir","status":"publish","type":"page","link":"https:\/\/www.tonnelleriedarnajou.com\/es\/compartir","title":{"rendered":"Compartir"},"content":{"rendered":"\n<div class=\"wp-block-group alignfull has-lavender-background-color has-background is-layout-constrained wp-block-group-is-layout-constrained\"><div class=\"vimeo-container bg-cover bg-no-repeat bg-center alignfull\"   data-video-id=\"https:\/\/vimeo.com\/931977343\/677125a9b9\" data-autoplay=\"true\" style=\"background-image: url()\" ><\/div>\n\n\n\n<figure class=\"wp-block-image aligncenter size-full is-resized pt-10\"><img loading=\"lazy\" decoding=\"async\" width=\"220\" height=\"220\" src=\"https:\/\/www.tonnelleriedarnajou.com\/wp-content\/uploads\/2024\/10\/scroll-explorer-es.png\" alt=\"\" class=\"wp-image-1039\" style=\"width:120px\" srcset=\"https:\/\/www.tonnelleriedarnajou.com\/wp-content\/uploads\/2024\/10\/scroll-explorer-es.png 220w, https:\/\/www.tonnelleriedarnajou.com\/wp-content\/uploads\/2024\/10\/scroll-explorer-es-150x150.png 150w\" sizes=\"(max-width: 220px) 100vw, 220px\" \/><\/figure>\n<\/div>\n\n\n\n<section class=\"wp-block-group alignfull has-lavender-background-color has-background is-layout-constrained wp-block-group-is-layout-constrained\" id=\"reseau-mondial-local\">\n<div class=\"wp-block-group alignwide is-layout-constrained wp-block-group-is-layout-constrained\">\n<div class=\"wp-block-media-text alignwide is-stacked-on-mobile\"><figure class=\"wp-block-media-text__media\"><img loading=\"lazy\" decoding=\"async\" width=\"620\" height=\"787\" src=\"https:\/\/www.tonnelleriedarnajou.com\/wp-content\/uploads\/2024\/03\/4_partager_05.jpg\" alt=\"\" class=\"wp-image-113 size-full\" srcset=\"https:\/\/www.tonnelleriedarnajou.com\/wp-content\/uploads\/2024\/03\/4_partager_05.jpg 620w, https:\/\/www.tonnelleriedarnajou.com\/wp-content\/uploads\/2024\/03\/4_partager_05-236x300.jpg 236w\" sizes=\"(max-width: 620px) 100vw, 620px\" \/><\/figure><div class=\"wp-block-media-text__content\">\n<h2 class=\"wp-block-heading\">Una red mundial y local<\/h2>\n\n\n\n<p>Toneler\u00eda Darnajou ha desarrollado a lo largo de los a\u00f1os una red mundial y local dedicada al acompa\u00f1amiento, el asesoramiento y la comprensi\u00f3n del trabajo de los viticultores.<\/p>\n\n\n\n<p>La existencia de un v\u00ednculo primordial y directo entre los viticultores y el taller nos permite contribuir a la b\u00fasqueda de una mejora constante en la colaboraci\u00f3n y la adecuaci\u00f3n de las expectativas de nuestros clientes socios.<\/p>\n<\/div><\/div>\n<\/div>\n<\/section>\n\n\n\n<section class=\"wp-block-group alignwide is-layout-constrained wp-block-group-is-layout-constrained\" id=\"partager-quote\">\n<div class=\"wp-block-columns alignwide is-layout-flex wp-container-core-columns-is-layout-9d6595d7 wp-block-columns-is-layout-flex\">\n<div class=\"wp-block-column is-layout-flow wp-block-column-is-layout-flow\">\n<p class=\"has-text-align-center is-style-blair\" style=\"text-transform:uppercase\">Transmitir las energ\u00edas de la empresa, el placer de hacer barricas, la sensibilidad que aporta cada uno de los colaboradores, los momentos vividos en la Toneler\u00eda<\/p>\n\n\n\n<p class=\"has-text-align-center is-style-blair\" style=\"text-transform:uppercase\">Aspiramos a llevar a nuestros clientes a nuestro universo acogedor y justo.<\/p>\n<\/div>\n\n\n\n<div class=\"wp-block-column is-layout-flow wp-block-column-is-layout-flow\">\n<p class=\"has-text-align-center is-style-blair\" style=\"text-transform:uppercase\">Deseamos ofrecer una experiencia y una visi\u00f3n singular y complementaria, con el fin de alimentar la diversidad en el mundo de la toneler\u00eda, con una visi\u00f3n empresarial serena y controlada que resulte en relaciones saludables y duraderas.<\/p>\n<\/div>\n<\/div>\n<\/section>\n\n\n\n<section class=\"wp-block-group alignfull is-layout-constrained wp-block-group-is-layout-constrained\" id=\"la-distribution\">\n<h2 class=\"wp-block-heading  alignfull max-w-6xl mx-auto\">La<br>distribuci\u00f3n<\/h2>\n\n\n<div id=\"mapid\" class=\"!max-w-none alignfull md:!mx-20 h-[70vh] md:h-[660px] grayscale mt-14 \"><\/div>\n<!-- <div id=\"les-distributeurs\" class=\"max-w-none alignfull !mx-20 pt-10\"> -->\n<div id=\"les-distributeurs\" class=\" grid grid-cols-1 lg:grid-cols-2 max-w-none alignfull lg:!mx-20 pt-10\">\n    <form class=\" lg:col-span-2\" action=\"https:\/\/www.tonnelleriedarnajou.com\/es\/compartir#les-distributeurs\" method=\"get\">\n        <select class=\"px-4 py-3 rounded-full\" name=\"zone\" onchange=\"this.form.submit()\">\n            <option value=\"\">S\u00e9lectionnez une zone<\/option>\n            <option value=\"afrique-du-sud\" >Afrique du sud<\/option><option value=\"allemagne\" >Allemagne<\/option><option value=\"amerique-du-nord\" >Am\u00e9rique du Nord<\/option><option value=\"amerique-du-sud\" >Am\u00e9rique du Sud<\/option><option value=\"australie\" >Australie<\/option><option value=\"autre-zone\" >Autre zone<\/option><option value=\"autriche\" >Autriche<\/option><option value=\"italie\" >Italie<\/option><option value=\"japon\" >Japon<\/option><option value=\"sud-de-france\" >Sud de la France<\/option>        <\/select>\n    <\/form>\n\n    <div class=\"!max-w-none alignfull lg:px-10 py-5 md:py-10 md:my-10 \"><div class=\" max-w-6xl mx-auto px-5 md:px-10 lg:px-0\"><h2 class=\" text-xl\"><img decoding=\"async\" src=\"https:\/\/www.tonnelleriedarnajou.com\/wp-content\/themes\/tonnelleriedarnajou\/theme\/assets\/svg\/circle-arrow-up-right.svg\"  alt=\"circle-arrow-up-right\"><br> Afrique du sud<\/h2><div class=\"grid md:grid-cols-2 gap-4\"><div class=\"distributeur\"><h3>Sabrina &#038; Christophe Durand<\/h3><p><strong>Vinum International<\/strong><br \/>\nPO Box 23923, Claremont 7735<br \/>\nTel. 021 683 7479<br \/>\nFax: 021 683 7489<br \/>\nMob. 083 409 7071<\/p>\n<p><a href=\"mailto:sabrina@vinum.co.za\">sabrina@vinum.co.za<\/a><br \/>\n<a href=\"mailto:christophe@vinum.co.za\">christophe@vinum.co.za<\/a><\/p>\n<\/div><\/div><\/div><\/div><div class=\"!max-w-none alignfull lg:px-10 py-5 md:py-10 md:my-10 \"><div class=\" max-w-6xl mx-auto px-5 md:px-10 lg:px-0\"><h2 class=\" text-xl\"><img decoding=\"async\" src=\"https:\/\/www.tonnelleriedarnajou.com\/wp-content\/themes\/tonnelleriedarnajou\/theme\/assets\/svg\/circle-arrow-up-right.svg\"  alt=\"circle-arrow-up-right\"><br> Allemagne<\/h2><div class=\"grid md:grid-cols-2 gap-4\"><div class=\"distributeur\"><h3>Sascha Rudnik<\/h3><p>Barriques Tonneaux Staves<br \/>\nGei\u00dfberg 19<br \/>\nD-63303 Dreieich - Germany<\/p>\n<p>Tel. +49 (0)6103-50950-78<br \/>\nMobile +49 (0)160-5431589<br \/>\n<a href=\"http:\/\/www.sascharudnik.com\"><span class=\"s1\">www.sascharudnik.com<\/span><\/a><\/p>\n<\/div><\/div><\/div><\/div><div class=\"!max-w-none alignfull lg:px-10 py-5 md:py-10 md:my-10 bg-lavender\"><div class=\" max-w-6xl mx-auto px-5 md:px-10 lg:px-0\"><h2 class=\" text-xl\"><img decoding=\"async\" src=\"https:\/\/www.tonnelleriedarnajou.com\/wp-content\/themes\/tonnelleriedarnajou\/theme\/assets\/svg\/circle-arrow-up-right.svg\"  alt=\"circle-arrow-up-right\"><br> Am\u00e9rique du Nord<\/h2><div class=\"grid md:grid-cols-2 gap-4\"><div class=\"distributeur\"><h3>Jodie &#038; Luc Morlet<\/h3><p class=\"p1\">Jodie &amp; Luc Morlet<br \/>\n2825 St. Helena Hwy. North<br \/>\nSt. Helena, CA 94574 - U.S.A<br \/>\nTel: 1 (707) 967-8690 - Ext. 111<br \/>\nFax: 1 (707) 967-8590<br \/>\n<a href=\"mailto:luc@morletwines.com\"><span class=\"s1\">luc@morletwines.com<br \/>\n<\/span><\/a><a href=\"http:\/\/www.morletselection.com\/\"><span class=\"s1\">www.morletselection.com<\/span><\/a><\/p>\n<\/div><\/div><\/div><\/div><div class=\"!max-w-none alignfull lg:px-10 py-5 md:py-10 md:my-10 bg-lavender\"><div class=\" max-w-6xl mx-auto px-5 md:px-10 lg:px-0\"><h2 class=\" text-xl\"><img decoding=\"async\" src=\"https:\/\/www.tonnelleriedarnajou.com\/wp-content\/themes\/tonnelleriedarnajou\/theme\/assets\/svg\/circle-arrow-up-right.svg\"  alt=\"circle-arrow-up-right\"><br> Am\u00e9rique du Sud<\/h2><div class=\"grid md:grid-cols-2 gap-4\"><div class=\"distributeur\"><h3>Chili<\/h3><p><strong>C\u00e9dric Nicolle<\/strong><br \/>\nAsesorias e eversiones Grosac<br \/>\nTel : 0056.958.79.31.38<\/p>\n<p>cedric.nicolle@hotmail.com<\/p>\n<\/div><\/div><\/div><\/div><div class=\"!max-w-none alignfull lg:px-10 py-5 md:py-10 md:my-10 \"><div class=\" max-w-6xl mx-auto px-5 md:px-10 lg:px-0\"><h2 class=\" text-xl\"><img decoding=\"async\" src=\"https:\/\/www.tonnelleriedarnajou.com\/wp-content\/themes\/tonnelleriedarnajou\/theme\/assets\/svg\/circle-arrow-up-right.svg\"  alt=\"circle-arrow-up-right\"><br> Australie<\/h2><div class=\"grid md:grid-cols-2 gap-4\"><div class=\"distributeur\"><h3>Thomas Bratovic<\/h3><p class=\"p1\">Thomas Bratovic<br \/>\nBullafio Pty Ltd<br \/>\nPO Box 259<br \/>\n<span style=\"background-color: rgb(255 255 255 \/ var(--tw-bg-opacity)); color: rgb(26 26 26 \/ var(--tw-text-opacity));\">Crafers 5152<br \/>\nSouth Australia<br \/>\n<\/span>Tel\u00a0: +61\u00a0413\u00a0282\u00a0484<\/p>\n<p><a href=\"mailto:tbratovic@internode.on.net\">tbratovic@internode.on.net<\/a><\/p>\n<\/div><\/div><\/div><\/div><div class=\"!max-w-none alignfull lg:px-10 py-5 md:py-10 md:my-10 \"><div class=\" max-w-6xl mx-auto px-5 md:px-10 lg:px-0\"><h2 class=\" text-xl\"><img decoding=\"async\" src=\"https:\/\/www.tonnelleriedarnajou.com\/wp-content\/themes\/tonnelleriedarnajou\/theme\/assets\/svg\/circle-arrow-up-right.svg\"  alt=\"circle-arrow-up-right\"><br> Autre zone<\/h2><div class=\"grid md:grid-cols-2 gap-4\"><div class=\"distributeur\"><h3>Elma Sabat\u00e9<\/h3><p class=\"p1\">Charg(\u00e9) de d\u00e9veloppement<br \/>\n<span style=\"background-color: rgb(255 255 255 \/ var(--tw-bg-opacity)); color: rgb(26 26 26 \/ var(--tw-text-opacity));\">46, route de Goujon<br \/>\n<\/span><span style=\"background-color: rgb(255 255 255 \/ var(--tw-bg-opacity)); color: rgb(26 26 26 \/ var(--tw-text-opacity));\">33570 Montagne<\/span><\/p>\n<p class=\"p2\"><span class=\"s1\"><a href=\"mailto:esabate@tonnelleriedarnajou.com\">esabate@tonnelleriedarnajou.com<\/a><\/span><\/p>\n<p class=\"p1\">+33(0)630831604<br \/>\n<span style=\"background-color: rgb(255 255 255 \/ var(--tw-bg-opacity)); color: rgb(26 26 26 \/ var(--tw-text-opacity));\">+33(0)557519053<\/span><\/p>\n<\/div><\/div><\/div><\/div><div class=\"!max-w-none alignfull lg:px-10 py-5 md:py-10 md:my-10 bg-lavender\"><div class=\" max-w-6xl mx-auto px-5 md:px-10 lg:px-0\"><h2 class=\" text-xl\"><img decoding=\"async\" src=\"https:\/\/www.tonnelleriedarnajou.com\/wp-content\/themes\/tonnelleriedarnajou\/theme\/assets\/svg\/circle-arrow-up-right.svg\"  alt=\"circle-arrow-up-right\"><br> Autriche<\/h2><div class=\"grid md:grid-cols-2 gap-4\"><div class=\"distributeur\"><h3>Karl-Heinz Seif GmbH<\/h3><p class=\"p1\">Kremserstr.51<br \/>\nA \u2013 3133 Traismauer<br \/>\nTel:\u00a0+43 676 6078910<\/p>\n<p><a href=\"mailto:office@khs-barriques.at\"><span class=\"s1\">office@khs-barriques.at<\/span><\/a><br \/>\n<a href=\"http:\/\/www.khs-barriques.at\/\"><span class=\"s1\">www.khs-barriques.at<\/span><\/a><\/p>\n<\/div><\/div><\/div><\/div><div class=\"!max-w-none alignfull lg:px-10 py-5 md:py-10 md:my-10 bg-lavender\"><div class=\" max-w-6xl mx-auto px-5 md:px-10 lg:px-0\"><h2 class=\" text-xl\"><img decoding=\"async\" src=\"https:\/\/www.tonnelleriedarnajou.com\/wp-content\/themes\/tonnelleriedarnajou\/theme\/assets\/svg\/circle-arrow-up-right.svg\"  alt=\"circle-arrow-up-right\"><br> Italie<\/h2><div class=\"grid md:grid-cols-2 gap-4\"><div class=\"distributeur\"><h3>Ivan Iorio<\/h3><p class=\"p1\"><strong style=\"background-color: rgb(255 255 255 \/ var(--tw-bg-opacity)); color: rgb(26 26 26 \/ var(--tw-text-opacity));\">Vinalia Diffusion \/ i.consulting<br \/>\n<\/strong>3318039 VENTIMIGLIA<br \/>\nTel. +3485126047<br \/>\nMobile. +3270668644<\/p>\n<p class=\"p2\"><span class=\"s1\"><a href=\"mailto:i.project.consulting22@gmail.com\"><span class=\"s2\">i.project.consulting22@gmail.com<\/span><\/a>\u00a0<\/span><\/p>\n<\/div><\/div><\/div><\/div><div class=\"!max-w-none alignfull lg:px-10 py-5 md:py-10 md:my-10 \"><div class=\" max-w-6xl mx-auto px-5 md:px-10 lg:px-0\"><h2 class=\" text-xl\"><img decoding=\"async\" src=\"https:\/\/www.tonnelleriedarnajou.com\/wp-content\/themes\/tonnelleriedarnajou\/theme\/assets\/svg\/circle-arrow-up-right.svg\"  alt=\"circle-arrow-up-right\"><br> Japon<\/h2><div class=\"grid md:grid-cols-2 gap-4\"><div class=\"distributeur\"><h3>BENIDAI Trading Co.,Ltd.<\/h3><p class=\"p1\">Dai 25 Chuo Bldg. 5F, 2-8-3, Kandatsukasa-machi, Chiyoda-ku,<br \/>\nTokyo, JAPAN 101-0048<br \/>\nTel.+81-(0)3-3256-0551<br \/>\nFax.+81-(0)3-3254-7126<br \/>\n<a href=\"mailto:sawamura@benidai.co.jp\"><span class=\"s1\">sawamura@benidai.co.jp<\/span><\/a><span class=\"s2\"><br \/>\n<\/span><a href=\"http:\/\/www.benidai.co.jp\/\" target=\"_blank\" rel=\"noopener\"><span class=\"s1\">http:\/\/www.benidai.co.jp\/<\/span><\/a><\/p>\n<\/div><\/div><\/div><\/div><div class=\"!max-w-none alignfull lg:px-10 py-5 md:py-10 md:my-10 \"><div class=\" max-w-6xl mx-auto px-5 md:px-10 lg:px-0\"><h2 class=\" text-xl\"><img decoding=\"async\" src=\"https:\/\/www.tonnelleriedarnajou.com\/wp-content\/themes\/tonnelleriedarnajou\/theme\/assets\/svg\/circle-arrow-up-right.svg\"  alt=\"circle-arrow-up-right\"><br> Sud de la France<\/h2><div class=\"grid md:grid-cols-2 gap-4\"><div class=\"distributeur\"><h3>Julien Ditte<\/h3><p class=\"p1\"><span class=\"s1\">4 Placa del Castell<\/span><br \/>\n<span class=\"s1\">66300 Llupia<\/span><br \/>\n<span class=\"s1\">T\u00e9l. 06.16.82.22.04.<\/span><br \/>\n<a href=\"mailto:julien.ditte@amistat.news\"><span class=\"s2\">julien.ditte@amistat.news<\/span><\/a><\/p>\n<\/div><\/div><\/div><\/div>\n<\/div>\n<script type=\"text\/javascript\">\nvar distributeurs = [\n    {\"titre\":\"BENIDAI Trading Co.,Ltd.\",\"latitude\":\"35.6935\",\"longitude\":\"139.7674\",\"description\":\"<p class=\\\"p1\\\">Dai 25 Chuo Bldg. 5F, 2-8-3, Kandatsukasa-machi, Chiyoda-ku,\\r\\nTokyo, JAPAN 101-0048\\r\\nTel.+81-(0)3-3256-0551\\r\\nFax.+81-(0)3-3254-7126\\r\\n<a href=\\\"mailto:sawamura@benidai.co.jp\\\"><span class=\\\"s1\\\">sawamura@benidai.co.jp<\\\/span><\\\/a><span class=\\\"s2\\\">\\r\\n<\\\/span><a href=\\\"http:\\\/\\\/www.benidai.co.jp\\\/\\\" target=\\\"_blank\\\" rel=\\\"noopener\\\"><span class=\\\"s1\\\">http:\\\/\\\/www.benidai.co.jp\\\/<\\\/span><\\\/a><\\\/p>\"},{\"titre\":\"Chili\",\"latitude\":\"-31.7613365\",\"longitude\":\"-71.3187697\",\"description\":\"<p><strong>C\\u00e9dric Nicolle<\\\/strong><br \\\/>\\nAsesorias e eversiones Grosac<br \\\/>\\nTel : 0056.958.79.31.38<\\\/p>\\n<p>cedric.nicolle@hotmail.com<\\\/p>\\n\"},{\"titre\":\"Elma Sabat\\u00e9\",\"latitude\":\"44.9547236\",\"longitude\":\"-0.1690974\",\"description\":\"<p class=\\\"p1\\\">Charg(\\u00e9) de d\\u00e9veloppement<br \\\/>\\n<span style=\\\"background-color: rgb(255 255 255 \\\/ var(--tw-bg-opacity)); color: rgb(26 26 26 \\\/ var(--tw-text-opacity));\\\">46, route de Goujon<br \\\/>\\n<\\\/span><span style=\\\"background-color: rgb(255 255 255 \\\/ var(--tw-bg-opacity)); color: rgb(26 26 26 \\\/ var(--tw-text-opacity));\\\">33570 Montagne<\\\/span><\\\/p>\\n<p class=\\\"p2\\\"><span class=\\\"s1\\\"><a href=\\\"mailto:esabate@tonnelleriedarnajou.com\\\">esabate@tonnelleriedarnajou.com<\\\/a><\\\/span><\\\/p>\\n<p class=\\\"p1\\\">+33(0)630831604<br \\\/>\\n<span style=\\\"background-color: rgb(255 255 255 \\\/ var(--tw-bg-opacity)); color: rgb(26 26 26 \\\/ var(--tw-text-opacity));\\\">+33(0)557519053<\\\/span><\\\/p>\\n\"},{\"titre\":\"Ivan Iorio\",\"latitude\":\"41.8719\",\"longitude\":\"12.5674\",\"description\":\"<p class=\\\"p1\\\"><strong style=\\\"background-color: rgb(255 255 255 \\\/ var(--tw-bg-opacity)); color: rgb(26 26 26 \\\/ var(--tw-text-opacity));\\\">Vinalia Diffusion \\\/ i.consulting<br \\\/>\\n<\\\/strong>3318039 VENTIMIGLIA<br \\\/>\\nTel. +3485126047<br \\\/>\\nMobile. +3270668644<\\\/p>\\n<p class=\\\"p2\\\"><span class=\\\"s1\\\"><a href=\\\"mailto:i.project.consulting22@gmail.com\\\"><span class=\\\"s2\\\">i.project.consulting22@gmail.com<\\\/span><\\\/a>\\u00a0<\\\/span><\\\/p>\\n\"},{\"titre\":\"Jodie &#038; Luc Morlet\",\"latitude\":\"38.517841\",\"longitude\":\"-122.490206\",\"description\":\"<p class=\\\"p1\\\">Jodie &amp; Luc Morlet<br \\\/>\\n2825 St. Helena Hwy. North<br \\\/>\\nSt. Helena, CA 94574 &#8211; U.S.A<br \\\/>\\nTel: 1 (707) 967-8690 &#8211; Ext. 111<br \\\/>\\nFax: 1 (707) 967-8590<br \\\/>\\n<a href=\\\"mailto:luc@morletwines.com\\\"><span class=\\\"s1\\\">luc@morletwines.com<br \\\/>\\n<\\\/span><\\\/a><a href=\\\"http:\\\/\\\/www.morletselection.com\\\/\\\"><span class=\\\"s1\\\">www.morletselection.com<\\\/span><\\\/a><\\\/p>\\n\"},{\"titre\":\"Julien Ditte\",\"latitude\":\"42.6197865\",\"longitude\":\"2.769213\",\"description\":\"<p class=\\\"p1\\\"><span class=\\\"s1\\\">4 Placa del Castell<\\\/span><br \\\/>\\n<span class=\\\"s1\\\">66300 Llupia<\\\/span><br \\\/>\\n<span class=\\\"s1\\\">T\\u00e9l. 06.16.82.22.04.<\\\/span><br \\\/>\\n<a href=\\\"mailto:julien.ditte@amistat.news\\\"><span class=\\\"s2\\\">julien.ditte@amistat.news<\\\/span><\\\/a><\\\/p>\\n\"},{\"titre\":\"Karl-Heinz Seif GmbH\",\"latitude\":\"48.35982487585289\",\"longitude\":\"15.73747634013788\",\"description\":\"<p class=\\\"p1\\\">Kremserstr.51<br \\\/>\\nA \\u2013 3133 Traismauer<br \\\/>\\nTel:\\u00a0+43 676 6078910<\\\/p>\\n<p><a href=\\\"mailto:office@khs-barriques.at\\\"><span class=\\\"s1\\\">office@khs-barriques.at<\\\/span><\\\/a><br \\\/>\\n<a href=\\\"http:\\\/\\\/www.khs-barriques.at\\\/\\\"><span class=\\\"s1\\\">www.khs-barriques.at<\\\/span><\\\/a><\\\/p>\\n\"},{\"titre\":\"Sabrina &#038; Christophe Durand\",\"latitude\":\"34.100328\",\"longitude\":\"-117.720621\",\"description\":\"<p><strong>Vinum International<\\\/strong><br \\\/>\\nPO Box 23923, Claremont 7735<br \\\/>\\nTel. 021 683 7479<br \\\/>\\nFax: 021 683 7489<br \\\/>\\nMob. 083 409 7071<\\\/p>\\n<p><a href=\\\"mailto:sabrina@vinum.co.za\\\">sabrina@vinum.co.za<\\\/a><br \\\/>\\n<a href=\\\"mailto:christophe@vinum.co.za\\\">christophe@vinum.co.za<\\\/a><\\\/p>\\n\"},{\"titre\":\"Sascha Rudnik\",\"latitude\":\"50.00060619722352\",\"longitude\":\"8.720453626714894\",\"description\":\"<p>Barriques Tonneaux Staves<br \\\/>\\nGei\\u00dfberg 19<br \\\/>\\nD-63303 Dreieich &#8211; Germany<\\\/p>\\n<p>Tel. +49 (0)6103-50950-78<br \\\/>\\nMobile +49 (0)160-5431589<br \\\/>\\n<a href=\\\"http:\\\/\\\/www.sascharudnik.com\\\"><span class=\\\"s1\\\">www.sascharudnik.com<\\\/span><\\\/a><\\\/p>\\n\"},{\"titre\":\"Thomas Bratovic\",\"latitude\":\"-34.98370365\",\"longitude\":\"138.7254736\",\"description\":\"<p class=\\\"p1\\\">Thomas Bratovic<br \\\/>\\nBullafio Pty Ltd<br \\\/>\\nPO Box 259<br \\\/>\\n<span style=\\\"background-color: rgb(255 255 255 \\\/ var(--tw-bg-opacity)); color: rgb(26 26 26 \\\/ var(--tw-text-opacity));\\\">Crafers 5152<br \\\/>\\nSouth Australia<br \\\/>\\n<\\\/span>Tel\\u00a0: +61\\u00a0413\\u00a0282\\u00a0484<\\\/p>\\n<p><a href=\\\"mailto:tbratovic@internode.on.net\\\">tbratovic@internode.on.net<\\\/a><\\\/p>\\n\"}];\n<\/script>\n<script type=\"text\/javascript\">\ndocument.addEventListener('DOMContentLoaded', function() {\n    var map = L.map('mapid', {\n        scrollWheelZoom: false,\n        minZoom: 2, \/\/ D\u00e9finir le niveau de zoom minimum\n        maxZoom: 6 \/\/ D\u00e9finir le niveau de zoom maximum\n    }).setView([46.52863469527167, 2.43896484375], 3);\n\n    var host = 'http:\/\/{s}.basemaps.cartocdn.com\/light_all\/{z}\/{x}\/{y}.png';\n\n    L.tileLayer(host, {\n        attribution: '&copy; <a href=\"https:\/\/www.openstreetmap.org\/copyright\">OpenStreetMap<\/a> contributors'\n    }).addTo(map);\n\n    var svgIcon = L.divIcon({\n        className: 'svg-icon',\n        html: '<div class=\"rounded-full outline outline-offset-1 outline-2 bg-black outline-gray-400  w-4 h-4 \"><\/div>',\n        iconSize: [24, 24],\n        iconAnchor: [12, 12]\n    });\n    distributeurs.forEach(function(distributeur) {\n        if (distributeur.latitude && distributeur.longitude) {\n            L.marker([distributeur.latitude, distributeur.longitude], {\n                    icon: svgIcon\n                }).addTo(map)\n                .bindPopup('<h3>' + distributeur.titre + '<\/h3>' + distributeur.description );\n        }\n    });\n});\n<\/script>\n<\/section>\n","protected":false},"excerpt":{"rendered":"<p>Una red mundial y local Toneler\u00eda Darnajou ha desarrollado a lo largo de los a\u00f1os una red mundial y local dedicada al acompa\u00f1amiento, el asesoramiento y la comprensi\u00f3n del trabajo de los viticultores. La existencia de un v\u00ednculo primordial y directo entre los viticultores y el taller nos permite contribuir a la b\u00fasqueda de una<a href=\"https:\/\/www.tonnelleriedarnajou.com\/es\/distributeur\/thomas-bratovic\">Continue reading <span class=\"sr-only\">\u00abThomas Bratovic\u00bb<\/span><\/a><\/p>\n","protected":false},"author":3,"featured_media":0,"parent":0,"menu_order":0,"comment_status":"closed","ping_status":"closed","template":"","meta":{"_seopress_robots_primary_cat":"","_seopress_titles_title":"","_seopress_titles_desc":"","_seopress_robots_index":"","footnotes":""},"class_list":["post-993","page","type-page","status-publish","hentry"],"_links":{"self":[{"href":"https:\/\/www.tonnelleriedarnajou.com\/es\/wp-json\/wp\/v2\/pages\/993","targetHints":{"allow":["GET"]}}],"collection":[{"href":"https:\/\/www.tonnelleriedarnajou.com\/es\/wp-json\/wp\/v2\/pages"}],"about":[{"href":"https:\/\/www.tonnelleriedarnajou.com\/es\/wp-json\/wp\/v2\/types\/page"}],"author":[{"embeddable":true,"href":"https:\/\/www.tonnelleriedarnajou.com\/es\/wp-json\/wp\/v2\/users\/3"}],"replies":[{"embeddable":true,"href":"https:\/\/www.tonnelleriedarnajou.com\/es\/wp-json\/wp\/v2\/comments?post=993"}],"version-history":[{"count":0,"href":"https:\/\/www.tonnelleriedarnajou.com\/es\/wp-json\/wp\/v2\/pages\/993\/revisions"}],"wp:attachment":[{"href":"https:\/\/www.tonnelleriedarnajou.com\/es\/wp-json\/wp\/v2\/media?parent=993"}],"curies":[{"name":"wp","href":"https:\/\/api.w.org\/{rel}","templated":true}]}}