{"id":996,"date":"2024-03-27T14:58:03","date_gmt":"2024-03-27T13:58:03","guid":{"rendered":"https:\/\/www.tonnelleriedarnajou.com\/transmettre"},"modified":"2024-10-02T11:04:02","modified_gmt":"2024-10-02T09:04:02","slug":"transmitir","status":"publish","type":"page","link":"https:\/\/www.tonnelleriedarnajou.com\/es\/transmitir","title":{"rendered":"Transmitir"},"content":{"rendered":"\n<section class=\"wp-block-group alignfull has-light-gray-background-color has-background is-layout-constrained wp-block-group-is-layout-constrained\">\n<div class=\"wp-block-columns alignwide is-layout-flex wp-container-core-columns-is-layout-9d6595d7 wp-block-columns-is-layout-flex\" id=\"notre-equipe\">\n<div class=\"wp-block-column is-layout-flow wp-block-column-is-layout-flow\">\n<figure class=\"wp-block-gallery has-nested-images columns-1 wp-block-gallery-1 is-layout-flex wp-block-gallery-is-layout-flex\" id=\"transmettre-block-1\">\n<figure class=\"wp-block-image size-full video\" id=\"5_transmettre_01_florent_Tonnelier\"><img loading=\"lazy\" decoding=\"async\" width=\"630\" height=\"630\" data-id=\"526\" src=\"https:\/\/www.tonnelleriedarnajou.com\/wp-content\/uploads\/2024\/05\/5_transmettre_01_florent_Tonnelier.jpg\" alt=\"\" class=\"wp-image-526\" srcset=\"https:\/\/www.tonnelleriedarnajou.com\/wp-content\/uploads\/2024\/05\/5_transmettre_01_florent_Tonnelier.jpg 630w, https:\/\/www.tonnelleriedarnajou.com\/wp-content\/uploads\/2024\/05\/5_transmettre_01_florent_Tonnelier-300x300.jpg 300w, https:\/\/www.tonnelleriedarnajou.com\/wp-content\/uploads\/2024\/05\/5_transmettre_01_florent_Tonnelier-150x150.jpg 150w\" sizes=\"(max-width: 630px) 100vw, 630px\" \/><figcaption class=\"wp-element-caption\">Florent <strong>Tonelero<\/strong><\/figcaption><\/figure>\n\n\n\n<figure class=\"wp-block-image size-full video\" id=\"5_transmettre_02_Williams_Tonnelier\"><img loading=\"lazy\" decoding=\"async\" width=\"630\" height=\"630\" data-id=\"528\" src=\"https:\/\/www.tonnelleriedarnajou.com\/wp-content\/uploads\/2024\/05\/5_transmettre_02_Williams_Tonnelier.jpg\" alt=\"\" class=\"wp-image-528\" srcset=\"https:\/\/www.tonnelleriedarnajou.com\/wp-content\/uploads\/2024\/05\/5_transmettre_02_Williams_Tonnelier.jpg 630w, https:\/\/www.tonnelleriedarnajou.com\/wp-content\/uploads\/2024\/05\/5_transmettre_02_Williams_Tonnelier-300x300.jpg 300w, https:\/\/www.tonnelleriedarnajou.com\/wp-content\/uploads\/2024\/05\/5_transmettre_02_Williams_Tonnelier-150x150.jpg 150w\" sizes=\"(max-width: 630px) 100vw, 630px\" \/><figcaption class=\"wp-element-caption\">Williams <strong>Tonelero<\/strong><\/figcaption><\/figure>\n\n\n\n<figure class=\"wp-block-image size-full video\" id=\"5_transmettre_03_Noa_Tonnelier\"><img loading=\"lazy\" decoding=\"async\" width=\"630\" height=\"630\" data-id=\"529\" src=\"https:\/\/www.tonnelleriedarnajou.com\/wp-content\/uploads\/2024\/05\/5_transmettre_03_Noa_Tonnelier.jpg\" alt=\"\" class=\"wp-image-529\" srcset=\"https:\/\/www.tonnelleriedarnajou.com\/wp-content\/uploads\/2024\/05\/5_transmettre_03_Noa_Tonnelier.jpg 630w, https:\/\/www.tonnelleriedarnajou.com\/wp-content\/uploads\/2024\/05\/5_transmettre_03_Noa_Tonnelier-300x300.jpg 300w, https:\/\/www.tonnelleriedarnajou.com\/wp-content\/uploads\/2024\/05\/5_transmettre_03_Noa_Tonnelier-150x150.jpg 150w\" sizes=\"(max-width: 630px) 100vw, 630px\" \/><figcaption class=\"wp-element-caption\">Noa <strong>Tonelero<\/strong><\/figcaption><\/figure>\n\n\n\n<figure class=\"wp-block-image size-full video\" id=\"5_transmettre_04_Jonathan_Tonnelier_Maitre-dapprentissage\"><img loading=\"lazy\" decoding=\"async\" width=\"630\" height=\"630\" data-id=\"551\" src=\"https:\/\/www.tonnelleriedarnajou.com\/wp-content\/uploads\/2024\/05\/5_transmettre_04_Jonathan_Tonnelier_Maitre-dapprentissage.jpg\" alt=\"\" class=\"wp-image-551\" srcset=\"https:\/\/www.tonnelleriedarnajou.com\/wp-content\/uploads\/2024\/05\/5_transmettre_04_Jonathan_Tonnelier_Maitre-dapprentissage.jpg 630w, https:\/\/www.tonnelleriedarnajou.com\/wp-content\/uploads\/2024\/05\/5_transmettre_04_Jonathan_Tonnelier_Maitre-dapprentissage-300x300.jpg 300w, https:\/\/www.tonnelleriedarnajou.com\/wp-content\/uploads\/2024\/05\/5_transmettre_04_Jonathan_Tonnelier_Maitre-dapprentissage-150x150.jpg 150w\" sizes=\"(max-width: 630px) 100vw, 630px\" \/><figcaption class=\"wp-element-caption\">Jonathan <strong>Tonelero<\/strong> <strong>Maestro de aprendizaje<\/strong><\/figcaption><\/figure>\n\n\n\n<figure class=\"wp-block-image size-full video\" id=\"5_transmettre_05_Alexandre_Tonnelier\"><img loading=\"lazy\" decoding=\"async\" width=\"630\" height=\"630\" data-id=\"527\" src=\"https:\/\/www.tonnelleriedarnajou.com\/wp-content\/uploads\/2024\/05\/5_transmettre_05_Alexandre_Tonnelier.jpg\" alt=\"\" class=\"wp-image-527\" srcset=\"https:\/\/www.tonnelleriedarnajou.com\/wp-content\/uploads\/2024\/05\/5_transmettre_05_Alexandre_Tonnelier.jpg 630w, https:\/\/www.tonnelleriedarnajou.com\/wp-content\/uploads\/2024\/05\/5_transmettre_05_Alexandre_Tonnelier-300x300.jpg 300w, https:\/\/www.tonnelleriedarnajou.com\/wp-content\/uploads\/2024\/05\/5_transmettre_05_Alexandre_Tonnelier-150x150.jpg 150w\" sizes=\"(max-width: 630px) 100vw, 630px\" \/><figcaption class=\"wp-element-caption\">Alexandre <strong>Tonelero<\/strong><\/figcaption><\/figure>\n<\/figure>\n<\/div>\n\n\n\n<div class=\"wp-block-column is-layout-flow wp-block-column-is-layout-flow\">\n<h2 class=\"wp-block-heading\">Nuestro equipo<\/h2>\n\n\n\n<p>Somos un equipo comprometido, impulsado por una ambici\u00f3n com\u00fan. Nuestra toneler\u00eda artesanal cultiva un ambiente acogedor, propicio para el crecimiento personal y la expresi\u00f3n de los sentidos de cada uno.<\/p>\n\n\n\n<figure class=\"wp-block-gallery has-nested-images columns-default is-cropped wp-block-gallery-2 is-layout-flex wp-block-gallery-is-layout-flex\" id=\"transmettre-block-7\">\n<figure class=\"wp-block-image size-full\"><img loading=\"lazy\" decoding=\"async\" width=\"705\" height=\"906\" data-id=\"530\" src=\"https:\/\/www.tonnelleriedarnajou.com\/wp-content\/uploads\/2024\/05\/5_transmettre_06_nadege_directrice_de_site.jpg\" alt=\"\" class=\"wp-image-530\" srcset=\"https:\/\/www.tonnelleriedarnajou.com\/wp-content\/uploads\/2024\/05\/5_transmettre_06_nadege_directrice_de_site.jpg 705w, https:\/\/www.tonnelleriedarnajou.com\/wp-content\/uploads\/2024\/05\/5_transmettre_06_nadege_directrice_de_site-233x300.jpg 233w\" sizes=\"(max-width: 705px) 100vw, 705px\" \/><figcaption class=\"wp-element-caption\">Nad\u00e8ge <strong>Directora de sitio<\/strong><\/figcaption><\/figure>\n\n\n\n<figure class=\"wp-block-image size-full\"><img loading=\"lazy\" decoding=\"async\" width=\"705\" height=\"906\" data-id=\"967\" src=\"https:\/\/www.tonnelleriedarnajou.com\/wp-content\/uploads\/2024\/09\/5_transmettre_06_simon_directeur_general.jpg\" alt=\"\" class=\"wp-image-967\" srcset=\"https:\/\/www.tonnelleriedarnajou.com\/wp-content\/uploads\/2024\/09\/5_transmettre_06_simon_directeur_general.jpg 705w, https:\/\/www.tonnelleriedarnajou.com\/wp-content\/uploads\/2024\/09\/5_transmettre_06_simon_directeur_general-233x300.jpg 233w\" sizes=\"(max-width: 705px) 100vw, 705px\" \/><figcaption class=\"wp-element-caption\">Simon <strong>Director General<\/strong><\/figcaption><\/figure>\n<\/figure>\n<\/div>\n<\/div>\n\n\n\n<div class=\"wp-block-columns alignwide pt-10 is-layout-flex wp-container-core-columns-is-layout-9d6595d7 wp-block-columns-is-layout-flex\">\n<div class=\"wp-block-column is-layout-flow wp-block-column-is-layout-flow\">\n<p>El saber hacer hist\u00f3rico de Darnajou est\u00e1 en manos de todos sus colaboradores, gracias a la transmisi\u00f3n, el intercambio y la confianza mutua. As\u00ed, el ensamblaje de nuestras singularidades se revela en cada una de nuestras barricas.<\/p>\n\n\n\n<p>Siempre hemos avanzado a un ritmo humano, tejiendo v\u00ednculos s\u00f3lidos y duraderos, donde la transparencia y la reciprocidad son esenciales. Adem\u00e1s, fomentamos una colaboraci\u00f3n donde cada actor participa en nuestro compromiso com\u00fan.<\/p>\n<\/div>\n\n\n\n<div class=\"wp-block-column is-layout-flow wp-block-column-is-layout-flow\">\n<figure class=\"wp-block-gallery has-nested-images columns-1 wp-block-gallery-3 is-layout-flex wp-block-gallery-is-layout-flex\" id=\"transmettre-block-2\">\n<figure class=\"wp-block-image size-full video\" id=\"5_transmettre_06_Jerome_Preparateur_bois\"><img loading=\"lazy\" decoding=\"async\" width=\"630\" height=\"630\" data-id=\"554\" src=\"https:\/\/www.tonnelleriedarnajou.com\/wp-content\/uploads\/2024\/05\/5_transmettre_06_Jerome_Preparateur_bois.jpg\" alt=\"\" class=\"wp-image-554\" srcset=\"https:\/\/www.tonnelleriedarnajou.com\/wp-content\/uploads\/2024\/05\/5_transmettre_06_Jerome_Preparateur_bois.jpg 630w, https:\/\/www.tonnelleriedarnajou.com\/wp-content\/uploads\/2024\/05\/5_transmettre_06_Jerome_Preparateur_bois-300x300.jpg 300w, https:\/\/www.tonnelleriedarnajou.com\/wp-content\/uploads\/2024\/05\/5_transmettre_06_Jerome_Preparateur_bois-150x150.jpg 150w\" sizes=\"(max-width: 630px) 100vw, 630px\" \/><figcaption class=\"wp-element-caption\">J\u00e9r\u00f4me <strong>Preparador de madera<\/strong><\/figcaption><\/figure>\n\n\n\n<figure class=\"wp-block-image size-full video\" id=\"5_transmettre_07_William_Preparateur_bois\"><img loading=\"lazy\" decoding=\"async\" width=\"630\" height=\"630\" data-id=\"556\" src=\"https:\/\/www.tonnelleriedarnajou.com\/wp-content\/uploads\/2024\/05\/5_transmettre_07_William_Preparateur_bois.jpg\" alt=\"\" class=\"wp-image-556\" srcset=\"https:\/\/www.tonnelleriedarnajou.com\/wp-content\/uploads\/2024\/05\/5_transmettre_07_William_Preparateur_bois.jpg 630w, https:\/\/www.tonnelleriedarnajou.com\/wp-content\/uploads\/2024\/05\/5_transmettre_07_William_Preparateur_bois-300x300.jpg 300w, https:\/\/www.tonnelleriedarnajou.com\/wp-content\/uploads\/2024\/05\/5_transmettre_07_William_Preparateur_bois-150x150.jpg 150w\" sizes=\"(max-width: 630px) 100vw, 630px\" \/><figcaption class=\"wp-element-caption\">William <strong>Preparador de madera<\/strong><\/figcaption><\/figure>\n\n\n\n<figure class=\"wp-block-image size-full video\" id=\"5_transmettre_08_Alexis_Tonnelier\"><img loading=\"lazy\" decoding=\"async\" width=\"630\" height=\"630\" data-id=\"559\" src=\"https:\/\/www.tonnelleriedarnajou.com\/wp-content\/uploads\/2024\/05\/5_transmettre_08_Alexis_Tonnelier.jpg\" alt=\"\" class=\"wp-image-559\" srcset=\"https:\/\/www.tonnelleriedarnajou.com\/wp-content\/uploads\/2024\/05\/5_transmettre_08_Alexis_Tonnelier.jpg 630w, https:\/\/www.tonnelleriedarnajou.com\/wp-content\/uploads\/2024\/05\/5_transmettre_08_Alexis_Tonnelier-300x300.jpg 300w, https:\/\/www.tonnelleriedarnajou.com\/wp-content\/uploads\/2024\/05\/5_transmettre_08_Alexis_Tonnelier-150x150.jpg 150w\" sizes=\"(max-width: 630px) 100vw, 630px\" \/><figcaption class=\"wp-element-caption\">Alexis <strong>Tonelero<\/strong><\/figcaption><\/figure>\n\n\n\n<figure class=\"wp-block-image size-full video\" id=\"5_transmettre_09_Christophe_Tonnelier\"><img loading=\"lazy\" decoding=\"async\" width=\"630\" height=\"630\" data-id=\"562\" src=\"https:\/\/www.tonnelleriedarnajou.com\/wp-content\/uploads\/2024\/05\/5_transmettre_09_Christophe_Tonnelier.jpg\" alt=\"\" class=\"wp-image-562\" srcset=\"https:\/\/www.tonnelleriedarnajou.com\/wp-content\/uploads\/2024\/05\/5_transmettre_09_Christophe_Tonnelier.jpg 630w, https:\/\/www.tonnelleriedarnajou.com\/wp-content\/uploads\/2024\/05\/5_transmettre_09_Christophe_Tonnelier-300x300.jpg 300w, https:\/\/www.tonnelleriedarnajou.com\/wp-content\/uploads\/2024\/05\/5_transmettre_09_Christophe_Tonnelier-150x150.jpg 150w\" sizes=\"(max-width: 630px) 100vw, 630px\" \/><figcaption class=\"wp-element-caption\">Christophe <strong>Tonelero<\/strong><\/figcaption><\/figure>\n<\/figure>\n<\/div>\n<\/div>\n<\/section>\n\n\n\n<section class=\"wp-block-group alignwide is-layout-constrained wp-block-group-is-layout-constrained\">\n<div class=\"wp-block-columns alignwide is-layout-flex wp-container-core-columns-is-layout-9d6595d7 wp-block-columns-is-layout-flex\">\n<div class=\"wp-block-column is-layout-flow wp-block-column-is-layout-flow\">\n<div class=\"wp-block-group md:mb-14 is-content-justification-left is-layout-constrained wp-container-core-group-is-layout-aab502d8 wp-block-group-is-layout-constrained\">\n<p class=\"is-style-blair\">Transmitir tanto energ\u00edas como conocimientos nos ayuda a formar una fuerza colectiva e individual que contribuye a la revelaci\u00f3n de car\u00e1cter y a un bienestar palpable dentro del equipo.<\/p>\n\n\n\n<p><\/p>\n<\/div>\n\n\n\n<figure class=\"wp-block-gallery has-nested-images columns-default is-cropped wp-block-gallery-4 is-layout-flex wp-block-gallery-is-layout-flex\" id=\"transmettre-block-4\">\n<figure class=\"wp-block-image size-full\"><img loading=\"lazy\" decoding=\"async\" width=\"705\" height=\"906\" data-id=\"574\" src=\"https:\/\/www.tonnelleriedarnajou.com\/wp-content\/uploads\/2024\/05\/5_transmettre_16_Alexis_Tonnelier.jpg\" alt=\"\" class=\"wp-image-574\" srcset=\"https:\/\/www.tonnelleriedarnajou.com\/wp-content\/uploads\/2024\/05\/5_transmettre_16_Alexis_Tonnelier.jpg 705w, https:\/\/www.tonnelleriedarnajou.com\/wp-content\/uploads\/2024\/05\/5_transmettre_16_Alexis_Tonnelier-233x300.jpg 233w\" sizes=\"(max-width: 705px) 100vw, 705px\" \/><figcaption class=\"wp-element-caption\">Alexis <strong>Tonelero<\/strong><\/figcaption><\/figure>\n\n\n\n<figure class=\"wp-block-image size-full\"><img loading=\"lazy\" decoding=\"async\" width=\"705\" height=\"906\" data-id=\"573\" src=\"https:\/\/www.tonnelleriedarnajou.com\/wp-content\/uploads\/2024\/05\/5_transmettre_15_Andrea_Tonnelier.jpg\" alt=\"\" class=\"wp-image-573\" srcset=\"https:\/\/www.tonnelleriedarnajou.com\/wp-content\/uploads\/2024\/05\/5_transmettre_15_Andrea_Tonnelier.jpg 705w, https:\/\/www.tonnelleriedarnajou.com\/wp-content\/uploads\/2024\/05\/5_transmettre_15_Andrea_Tonnelier-233x300.jpg 233w\" sizes=\"(max-width: 705px) 100vw, 705px\" \/><figcaption class=\"wp-element-caption\">Andrea <strong>Tonelero<\/strong><\/figcaption><\/figure>\n\n\n\n<figure class=\"wp-block-image size-full\"><img loading=\"lazy\" decoding=\"async\" width=\"705\" height=\"906\" data-id=\"572\" src=\"https:\/\/www.tonnelleriedarnajou.com\/wp-content\/uploads\/2024\/05\/5_transmettre_14_Guillaume_Tonnelier.jpg\" alt=\"\" class=\"wp-image-572\" srcset=\"https:\/\/www.tonnelleriedarnajou.com\/wp-content\/uploads\/2024\/05\/5_transmettre_14_Guillaume_Tonnelier.jpg 705w, https:\/\/www.tonnelleriedarnajou.com\/wp-content\/uploads\/2024\/05\/5_transmettre_14_Guillaume_Tonnelier-233x300.jpg 233w\" sizes=\"(max-width: 705px) 100vw, 705px\" \/><figcaption class=\"wp-element-caption\">Guillaume <strong>Tonelero<\/strong><\/figcaption><\/figure>\n<\/figure>\n<\/div>\n\n\n\n<div class=\"wp-block-column is-layout-flow wp-block-column-is-layout-flow\">\n<figure class=\"wp-block-gallery has-nested-images columns-default is-cropped wp-block-gallery-5 is-layout-flex wp-block-gallery-is-layout-flex\" id=\"transmettre-block-3\">\n<figure class=\"wp-block-image size-full\"><img loading=\"lazy\" decoding=\"async\" width=\"705\" height=\"906\" data-id=\"567\" src=\"https:\/\/www.tonnelleriedarnajou.com\/wp-content\/uploads\/2024\/05\/5_transmettre_11_Mickael_Chef_atelier_Artigues.jpg\" alt=\"\" class=\"wp-image-567\" srcset=\"https:\/\/www.tonnelleriedarnajou.com\/wp-content\/uploads\/2024\/05\/5_transmettre_11_Mickael_Chef_atelier_Artigues.jpg 705w, https:\/\/www.tonnelleriedarnajou.com\/wp-content\/uploads\/2024\/05\/5_transmettre_11_Mickael_Chef_atelier_Artigues-233x300.jpg 233w\" sizes=\"(max-width: 705px) 100vw, 705px\" \/><figcaption class=\"wp-element-caption\">Mickael <strong>Jefe de taller Artigues<\/strong><\/figcaption><\/figure>\n\n\n\n<figure class=\"wp-block-image size-full\"><img loading=\"lazy\" decoding=\"async\" width=\"705\" height=\"906\" data-id=\"971\" src=\"https:\/\/www.tonnelleriedarnajou.com\/wp-content\/uploads\/2024\/09\/5_transmettre_12_Jerome_responsable_production.jpg\" alt=\"\" class=\"wp-image-971\" srcset=\"https:\/\/www.tonnelleriedarnajou.com\/wp-content\/uploads\/2024\/09\/5_transmettre_12_Jerome_responsable_production.jpg 705w, https:\/\/www.tonnelleriedarnajou.com\/wp-content\/uploads\/2024\/09\/5_transmettre_12_Jerome_responsable_production-233x300.jpg 233w\" sizes=\"(max-width: 705px) 100vw, 705px\" \/><figcaption class=\"wp-element-caption\">Jerome <strong>Gerente de Producci\u00f3n<\/strong><\/figcaption><\/figure>\n\n\n\n<figure class=\"wp-block-image size-full\"><img loading=\"lazy\" decoding=\"async\" width=\"705\" height=\"906\" data-id=\"569\" src=\"https:\/\/www.tonnelleriedarnajou.com\/wp-content\/uploads\/2024\/05\/5_transmettre_13_Cyril_Tonnelier.jpg\" alt=\"\" class=\"wp-image-569\" srcset=\"https:\/\/www.tonnelleriedarnajou.com\/wp-content\/uploads\/2024\/05\/5_transmettre_13_Cyril_Tonnelier.jpg 705w, https:\/\/www.tonnelleriedarnajou.com\/wp-content\/uploads\/2024\/05\/5_transmettre_13_Cyril_Tonnelier-233x300.jpg 233w\" sizes=\"(max-width: 705px) 100vw, 705px\" \/><figcaption class=\"wp-element-caption\">Cyril <strong>Tonelero<\/strong><\/figcaption><\/figure>\n<\/figure>\n<\/div>\n<\/div>\n<\/section>\n\n\n\n<section class=\"wp-block-group alignfull has-light-gray-background-color has-background is-layout-constrained wp-block-group-is-layout-constrained\">\n<div class=\"wp-block-columns alignwide is-layout-flex wp-container-core-columns-is-layout-9d6595d7 wp-block-columns-is-layout-flex\">\n<div class=\"wp-block-column is-layout-flow wp-block-column-is-layout-flow\">\n<div class=\"wp-block-group md:mb-14 is-content-justification-left is-layout-constrained wp-container-core-group-is-layout-aab502d8 wp-block-group-is-layout-constrained\">\n<p class=\"is-style-blair\">Transmitir tanto energ\u00edas como conocimientos nos ayuda a formar una fuerza colectiva e individual que contribuye a la revelaci\u00f3n de car\u00e1cter y a un bienestar palpable dentro del equipo.<\/p>\n\n\n\n<p><\/p>\n<\/div>\n\n\n\n<figure class=\"wp-block-gallery has-nested-images columns-default is-cropped wp-block-gallery-6 is-layout-flex wp-block-gallery-is-layout-flex\" id=\"transmettre-block-5\">\n<figure class=\"wp-block-image size-full\"><img loading=\"lazy\" decoding=\"async\" width=\"705\" height=\"906\" data-id=\"582\" src=\"https:\/\/www.tonnelleriedarnajou.com\/wp-content\/uploads\/2024\/05\/5_transmettre_17_Elma_Chargee_de_Developpement.jpg\" alt=\"\" class=\"wp-image-582\" srcset=\"https:\/\/www.tonnelleriedarnajou.com\/wp-content\/uploads\/2024\/05\/5_transmettre_17_Elma_Chargee_de_Developpement.jpg 705w, https:\/\/www.tonnelleriedarnajou.com\/wp-content\/uploads\/2024\/05\/5_transmettre_17_Elma_Chargee_de_Developpement-233x300.jpg 233w\" sizes=\"(max-width: 705px) 100vw, 705px\" \/><figcaption class=\"wp-element-caption\">Elma <strong>Encargada de Desarrollo<\/strong><\/figcaption><\/figure>\n\n\n\n<figure class=\"wp-block-image size-full\"><img loading=\"lazy\" decoding=\"async\" width=\"705\" height=\"906\" data-id=\"942\" src=\"https:\/\/www.tonnelleriedarnajou.com\/wp-content\/uploads\/2024\/09\/5_transmettre_17_agathe_gestionnaire_administratif_logistique.jpg\" alt=\"\" class=\"wp-image-942\" srcset=\"https:\/\/www.tonnelleriedarnajou.com\/wp-content\/uploads\/2024\/09\/5_transmettre_17_agathe_gestionnaire_administratif_logistique.jpg 705w, https:\/\/www.tonnelleriedarnajou.com\/wp-content\/uploads\/2024\/09\/5_transmettre_17_agathe_gestionnaire_administratif_logistique-233x300.jpg 233w\" sizes=\"(max-width: 705px) 100vw, 705px\" \/><figcaption class=\"wp-element-caption\">Agathe <strong>Gestora administrativa y log\u00edstica<\/strong><\/figcaption><\/figure>\n\n\n\n<figure class=\"wp-block-image size-full\"><img loading=\"lazy\" decoding=\"async\" width=\"705\" height=\"906\" data-id=\"959\" src=\"https:\/\/www.tonnelleriedarnajou.com\/wp-content\/uploads\/2024\/09\/5_transmettre_17_lucie_referente_RH_et_social.jpg\" alt=\"\" class=\"wp-image-959\" srcset=\"https:\/\/www.tonnelleriedarnajou.com\/wp-content\/uploads\/2024\/09\/5_transmettre_17_lucie_referente_RH_et_social.jpg 705w, https:\/\/www.tonnelleriedarnajou.com\/wp-content\/uploads\/2024\/09\/5_transmettre_17_lucie_referente_RH_et_social-233x300.jpg 233w\" sizes=\"(max-width: 705px) 100vw, 705px\" \/><figcaption class=\"wp-element-caption\">Lucie <strong>Referente de RRHH<\/strong><\/figcaption><\/figure>\n<\/figure>\n<\/div>\n\n\n\n<div class=\"wp-block-column is-layout-flow wp-block-column-is-layout-flow\">\n<figure class=\"wp-block-gallery has-nested-images columns-default is-cropped wp-block-gallery-7 is-layout-flex wp-block-gallery-is-layout-flex\" id=\"transmettre-block-6\">\n<figure class=\"wp-block-image size-full\"><img loading=\"lazy\" decoding=\"async\" width=\"705\" height=\"906\" data-id=\"945\" src=\"https:\/\/www.tonnelleriedarnajou.com\/wp-content\/uploads\/2024\/09\/5_transmettre_17_sebastien_tonnelier.jpg\" alt=\"\" class=\"wp-image-945\" srcset=\"https:\/\/www.tonnelleriedarnajou.com\/wp-content\/uploads\/2024\/09\/5_transmettre_17_sebastien_tonnelier.jpg 705w, https:\/\/www.tonnelleriedarnajou.com\/wp-content\/uploads\/2024\/09\/5_transmettre_17_sebastien_tonnelier-233x300.jpg 233w\" sizes=\"(max-width: 705px) 100vw, 705px\" \/><figcaption class=\"wp-element-caption\">Sebastien <strong>Tonelero<\/strong><\/figcaption><\/figure>\n\n\n\n<figure class=\"wp-block-image size-full\"><img loading=\"lazy\" decoding=\"async\" width=\"705\" height=\"906\" data-id=\"952\" src=\"https:\/\/www.tonnelleriedarnajou.com\/wp-content\/uploads\/2024\/09\/5_transmettre_17_kenny_apprenti_tonnelier.jpg\" alt=\"\" class=\"wp-image-952\" srcset=\"https:\/\/www.tonnelleriedarnajou.com\/wp-content\/uploads\/2024\/09\/5_transmettre_17_kenny_apprenti_tonnelier.jpg 705w, https:\/\/www.tonnelleriedarnajou.com\/wp-content\/uploads\/2024\/09\/5_transmettre_17_kenny_apprenti_tonnelier-233x300.jpg 233w\" sizes=\"(max-width: 705px) 100vw, 705px\" \/><figcaption class=\"wp-element-caption\">Ga\u00ebtan <strong><strong>Tonelero<\/strong><\/strong><\/figcaption><\/figure>\n\n\n\n<figure class=\"wp-block-image size-full\"><img loading=\"lazy\" decoding=\"async\" width=\"705\" height=\"906\" data-id=\"949\" src=\"https:\/\/www.tonnelleriedarnajou.com\/wp-content\/uploads\/2024\/09\/5_transmettre_17_gaetan_tonnelier.jpg\" alt=\"\" class=\"wp-image-949\" srcset=\"https:\/\/www.tonnelleriedarnajou.com\/wp-content\/uploads\/2024\/09\/5_transmettre_17_gaetan_tonnelier.jpg 705w, https:\/\/www.tonnelleriedarnajou.com\/wp-content\/uploads\/2024\/09\/5_transmettre_17_gaetan_tonnelier-233x300.jpg 233w\" sizes=\"(max-width: 705px) 100vw, 705px\" \/><figcaption class=\"wp-element-caption\">Antonin <strong><strong>Tonelero<\/strong><\/strong><\/figcaption><\/figure>\n<\/figure>\n<\/div>\n<\/div>\n<\/section>\n","protected":false},"excerpt":{"rendered":"<p>Nuestro equipo Somos un equipo comprometido, impulsado por una ambici\u00f3n com\u00fan. Nuestra toneler\u00eda artesanal cultiva un ambiente acogedor, propicio para el crecimiento personal y la expresi\u00f3n de los sentidos de cada uno. El saber hacer hist\u00f3rico de Darnajou est\u00e1 en manos de todos sus colaboradores, gracias a la transmisi\u00f3n, el intercambio y la confianza mutua.<a href=\"https:\/\/www.tonnelleriedarnajou.com\/es\/transmitir\">Continue reading <span class=\"sr-only\">\u00abTransmitir\u00bb<\/span><\/a><\/p>\n","protected":false},"author":3,"featured_media":0,"parent":0,"menu_order":0,"comment_status":"closed","ping_status":"closed","template":"","meta":{"_seopress_robots_primary_cat":"","_seopress_titles_title":"","_seopress_titles_desc":"","_seopress_robots_index":"","footnotes":""},"class_list":["post-996","page","type-page","status-publish","hentry"],"_links":{"self":[{"href":"https:\/\/www.tonnelleriedarnajou.com\/es\/wp-json\/wp\/v2\/pages\/996","targetHints":{"allow":["GET"]}}],"collection":[{"href":"https:\/\/www.tonnelleriedarnajou.com\/es\/wp-json\/wp\/v2\/pages"}],"about":[{"href":"https:\/\/www.tonnelleriedarnajou.com\/es\/wp-json\/wp\/v2\/types\/page"}],"author":[{"embeddable":true,"href":"https:\/\/www.tonnelleriedarnajou.com\/es\/wp-json\/wp\/v2\/users\/3"}],"replies":[{"embeddable":true,"href":"https:\/\/www.tonnelleriedarnajou.com\/es\/wp-json\/wp\/v2\/comments?post=996"}],"version-history":[{"count":0,"href":"https:\/\/www.tonnelleriedarnajou.com\/es\/wp-json\/wp\/v2\/pages\/996\/revisions"}],"wp:attachment":[{"href":"https:\/\/www.tonnelleriedarnajou.com\/es\/wp-json\/wp\/v2\/media?parent=996"}],"curies":[{"name":"wp","href":"https:\/\/api.w.org\/{rel}","templated":true}]}}